{"id":6612,"date":"2023-02-24T16:12:04","date_gmt":"2023-02-24T16:12:04","guid":{"rendered":"https:\/\/estudioplus.com\/?page_id=6612"},"modified":"2023-09-11T18:37:25","modified_gmt":"2023-09-11T18:37:25","slug":"alta","status":"publish","type":"page","link":"https:\/\/estudioplus.com\/en\/alta\/","title":{"rendered":"Alta"},"content":{"rendered":"\t\t<div data-elementor-type=\"wp-page\" data-elementor-id=\"6612\" class=\"elementor elementor-6612\">\n\t\t\t\t\t\t<section class=\"elementor-section elementor-top-section elementor-element elementor-element-a8afc0c elementor-section-boxed elementor-section-height-default elementor-section-height-default shadepro-adv-gradient-no shadepro-sticky-no\" data-id=\"a8afc0c\" data-element_type=\"section\" data-e-type=\"section\" data-settings=\"{&quot;background_background&quot;:&quot;classic&quot;,&quot;shadepro_sticky&quot;:&quot;no&quot;}\">\n\t\t\t\t\t\t<div class=\"elementor-container elementor-column-gap-default\">\n\t\t\t\t\t<div class=\"elementor-column elementor-col-100 elementor-top-column elementor-element elementor-element-1e685e8\" data-id=\"1e685e8\" data-element_type=\"column\" data-e-type=\"column\">\n\t\t\t<div class=\"elementor-widget-wrap elementor-element-populated\">\n\t\t\t\t\t\t<div class=\"elementor-element elementor-element-1dbfb48 shadepro-sticky-no elementor-widget elementor-widget-tp-contact-form-7\" data-id=\"1dbfb48\" data-element_type=\"widget\" data-e-type=\"widget\" data-settings=\"{&quot;shadepro_sticky&quot;:&quot;no&quot;}\" data-widget_type=\"tp-contact-form-7.default\">\n\t\t\t\t<div class=\"elementor-widget-container\">\n\t\t\t\t\t<div class=\"theplus-contact-form plus-cf7-custom  text-center    after \" ><div class=\"cf7sg-container cf7sg-not-grid\"><div id=\"cf7sg-form-untitled\" class=\"cf7-smart-grid  key_untitled\">\n<div class=\"wpcf7 no-js\" id=\"wpcf7-f6611-p6612-o1\" lang=\"en-US\" dir=\"ltr\" data-wpcf7-id=\"6611\">\n<div class=\"screen-reader-response\"><p role=\"status\" aria-live=\"polite\" aria-atomic=\"true\"><\/p> <ul><\/ul><\/div>\n<form action=\"\/alta\/#wpcf7-f6611-p6612-o1\" method=\"post\" class=\"wpcf7-form init\" aria-label=\"Formulario de contacto\" enctype=\"multipart\/form-data\" novalidate=\"novalidate\" data-status=\"init\">\n<fieldset class=\"hidden-fields-container\"><input type=\"hidden\" name=\"_wpcf7\" value=\"6611\" \/><input type=\"hidden\" name=\"_wpcf7_version\" value=\"6.1.5\" \/><input type=\"hidden\" name=\"_wpcf7_locale\" value=\"en_US\" \/><input type=\"hidden\" name=\"_wpcf7_unit_tag\" value=\"wpcf7-f6611-p6612-o1\" \/><input type=\"hidden\" name=\"_wpcf7_container_post\" value=\"6612\" \/><input type=\"hidden\" name=\"_wpcf7_posted_data_hash\" value=\"\" \/><input type=\"hidden\" name=\"_wpcf7_key\" value=\"untitled\" \/><input type=\"hidden\" name=\"_cf7sg_toggles\" value=\"\" \/><input type=\"hidden\" name=\"_cf7sg_version\" value=\"4.15.8\" \/><input type=\"hidden\" name=\"_wpnonce\" value=\"77f89e8250\" \/>\n<\/fieldset>\n<div class=\"seccion datosBasicos\">\n\t<div class=\"divTituloForm\">\n\t\t<h1 class=\"tituloForm\">Datos B\u00e1sicos\n\t\t<\/h1>\n\t<\/div>\n\t<div class=\"primeraLinea\">\n\t\t<div class=\"nombre\">\n\t\t\t<p><label> NOMBRE\/S*<br \/>\n<span class=\"wpcf7-form-control-wrap\" data-name=\"Nombre\"><input size=\"40\" maxlength=\"400\" class=\"wpcf7-form-control wpcf7-text wpcf7-validates-as-required\" aria-required=\"true\" aria-invalid=\"false\" value=\"\" type=\"text\" name=\"Nombre\" \/><\/span> <\/label>\n\t\t\t<\/p>\n\t\t<\/div>\n\t\t<div class=\"apellido\">\n\t\t\t<p><label> APELLIDO\/S*<br \/>\n<span class=\"wpcf7-form-control-wrap\" data-name=\"apellido\"><input size=\"40\" maxlength=\"400\" class=\"wpcf7-form-control wpcf7-text wpcf7-validates-as-required\" aria-required=\"true\" aria-invalid=\"false\" value=\"\" type=\"text\" name=\"apellido\" \/><\/span><\/label>\n\t\t\t<\/p>\n\t\t<\/div>\n\t<\/div>\n\t<div class=\"segundaLinea\">\n\t\t<div class=\"celular\">\n\t\t\t<div class=\"A\">\n\t\t\t\t<p><label> C\u00d3DIGO DE \u00c1REA*<br \/>\n<span class=\"wpcf7-form-control-wrap\" data-name=\"codigodearea\"><input class=\"wpcf7-form-control wpcf7-number wpcf7-validates-as-required wpcf7-validates-as-number\" aria-required=\"true\" aria-invalid=\"false\" value=\"\" type=\"number\" name=\"codigodearea\" \/><\/span><\/label>\n\t\t\t\t<\/p>\n\t\t\t<\/div>\n\t\t\t<div class=\"B\">\n\t\t\t\t<p><label> CELULAR*<br \/>\n<span class=\"wpcf7-form-control-wrap\" data-name=\"celular\"><input class=\"wpcf7-form-control wpcf7-number wpcf7-validates-as-required wpcf7-validates-as-number\" aria-required=\"true\" aria-invalid=\"false\" value=\"\" type=\"number\" name=\"celular\" \/><\/span><\/label>\n\t\t\t\t<\/p>\n\t\t\t<\/div>\n\t\t<\/div>\n\t<\/div>\n\t<div class=\"cuartaLinea\">\n\t\t<div class=\"correo\">\n\t\t\t<p><label> CORREO*<br \/>\n<span class=\"wpcf7-form-control-wrap\" data-name=\"correo\"><input size=\"40\" maxlength=\"400\" class=\"wpcf7-form-control wpcf7-email wpcf7-validates-as-required wpcf7-text wpcf7-validates-as-email\" aria-required=\"true\" aria-invalid=\"false\" value=\"\" type=\"email\" name=\"correo\" \/><\/span><\/label>\n\t\t\t<\/p>\n\t\t<\/div>\n\t<\/div>\n\t<div class=\"terceraLinea\">\n\t\t<p><span>*Nos contactaremos con vos en caso de cualquier incoveniente<\/span>\n\t\t<\/p>\n\t<\/div>\n<\/div>\n<div class=\"seccion archivos\">\n\t<div class=\"A\">\n\t\t<p><label>FOTO DNI FRENTE *<br \/>\n<span class=\"wpcf7-form-control-wrap\" data-name=\"dnifrente\"><input size=\"40\" class=\"wpcf7-form-control wpcf7-file\" accept=\".jpg,.png,.gif\" aria-invalid=\"false\" type=\"file\" name=\"dnifrente\" \/><\/span><\/label>\n\t\t<\/p>\n\t<\/div>\n\t<div class=\"B\">\n\t\t<p><label>FOTO DNI ATR\u00c1S *<br \/>\n<span class=\"wpcf7-form-control-wrap\" data-name=\"dniatras\"><input size=\"40\" class=\"wpcf7-form-control wpcf7-file\" accept=\".jpg,.png,.gif\" aria-invalid=\"false\" type=\"file\" name=\"dniatras\" \/><\/span><\/label>\n\t\t<\/p>\n\t<\/div>\n\t<div class=\"C\">\n\t\t<p><label>SELFIE *<br \/>\n<span class=\"wpcf7-form-control-wrap\" data-name=\"selfie\"><input size=\"40\" class=\"wpcf7-form-control wpcf7-file\" accept=\".jpg,.png,.gif\" aria-invalid=\"false\" type=\"file\" name=\"selfie\" \/><\/span><\/label>\n\t\t<\/p>\n\t<\/div>\n<\/div>\n<div class=\"seccion CuitCuil\">\n\t<div class=\"divTituloForm\">\n\t\t<h1 class=\"tituloForm\">Informaci\u00f3n Fiscal\n\t\t<\/h1>\n\t<\/div>\n\t<div class=\"seccion subCuitCuil\">\n\t\t<div class=\"columnaNoVideo\">\n\t\t\t<div class=\"linkVideo\">\n\t\t\t\t<p><span>SI NO TEN\u00c9S CLAVE FISCAL, MIR\u00c1 <a href=\"https:\/\/estudioplus.com\/wp-content\/uploads\/2023\/02\/ClaveFiscal3desdetucelular_1080p.webm\"><strong><u>ESTE VIDEO<\/u><\/strong><\/a><\/span>\n\t\t\t\t<\/p>\n\t\t\t<\/div>\n\t\t\t<div class=\"cuitcuil\">\n\t\t\t\t<p><label>CUIT \/ CUIL: *<br \/>\n<span class=\"wpcf7-form-control-wrap\" data-name=\"CUITCUIL\"><input class=\"wpcf7-form-control wpcf7-number wpcf7-validates-as-required wpcf7-validates-as-number\" aria-required=\"true\" aria-invalid=\"false\" value=\"\" type=\"number\" name=\"CUITCUIL\" \/><\/span><\/label>\n\t\t\t\t<\/p>\n\t\t\t<\/div>\n\t\t\t<div id=\"afipbox\">\n\t\t\t\t<p><label>Inserte su clave fiscal (AFIP):<br \/>\n<span class=\"wpcf7-form-control-wrap\" data-name=\"clavefiscal\"><input size=\"40\" maxlength=\"400\" class=\"wpcf7-form-control wpcf7-text wpcf7-validates-as-required\" aria-required=\"true\" aria-invalid=\"false\" value=\"\" type=\"text\" name=\"clavefiscal\" \/><\/span><\/label>\n\t\t\t\t<\/p>\n\t\t\t<\/div>\n\t\t\t<div class=\"cuitempleador\">\n\t\t\t\t<p><label>\u00bfTrabajas en blanco en otro lado? *<\/label><br \/>\n<span class=\"wpcf7-form-control-wrap\" data-name=\"trabajoenblanco\"><select class=\"wpcf7-form-control wpcf7-select wpcf7-validates-as-required\" aria-required=\"true\" aria-invalid=\"false\" name=\"trabajoenblanco\"><option value=\"\">&#8212;Por favor, eleg\u00ed una opci\u00f3n&#8212;<\/option><option value=\"SI\">SI<\/option><option value=\"NO\">NO<\/option><\/select><\/span>\n\t\t\t\t<\/p>\n\t\t\t<\/div>\n\t\t\t<p>[group group-916]\n\t\t\t<\/p>\n\t\t\t<div id=\"cuitempleadorsi\">\n\t\t\t\t<p><label>Completa el CUIT de tu empleador: <span class=\"wpcf7-form-control-wrap\" data-name=\"CuitEmpleador\"><input size=\"40\" maxlength=\"400\" class=\"wpcf7-form-control wpcf7-text wpcf7-validates-as-required\" aria-required=\"true\" aria-invalid=\"false\" value=\"\" type=\"text\" name=\"CuitEmpleador\" \/><\/span><\/label>\n\t\t\t\t<\/p>\n\t\t\t<\/div>\n\t\t\t<p>[\/group]\n\t\t\t<\/p>\n\t\t<\/div>\n\t<\/div>\n<\/div>\n<div class=\"seccion datosDeUbicacion\">\n\t<div class=\"terceraLinea\">\n\t\t<p><span style=\"font-size:18px\">Ya est\u00e1s por terminar...<\/span>\n\t\t<\/p>\n\t<\/div>\n\t<div class=\"departamento\">\n\t\t<div class=\"provincia\">\n\t\t\t<p><label>Provincia *<\/label><br \/>\n<span class=\"wpcf7-form-control-wrap\" data-name=\"provincia\"><select class=\"wpcf7-form-control wpcf7-select wpcf7-validates-as-required\" aria-required=\"true\" aria-invalid=\"false\" name=\"provincia\"><option value=\"Buenos Aires\">Buenos Aires<\/option><option value=\"Ciudad Aut\u00f3noma de Buenos Aires\">Ciudad Aut\u00f3noma de Buenos Aires<\/option><option value=\"Catamarca\">Catamarca<\/option><option value=\"Chaco\">Chaco<\/option><option value=\"Chubut\">Chubut<\/option><option value=\"C\u00f3rdoba\">C\u00f3rdoba<\/option><option value=\"Corrientes\">Corrientes<\/option><option value=\"Entre R\u00edos\">Entre R\u00edos<\/option><option value=\"Formosa\">Formosa<\/option><option value=\"Jujuy\">Jujuy<\/option><option value=\"La Pampa\">La Pampa<\/option><option value=\"La Rioja\">La Rioja<\/option><option value=\"Mendoza\">Mendoza<\/option><option value=\"Misiones\">Misiones<\/option><option value=\"Neuqu\u00e9n\">Neuqu\u00e9n<\/option><option value=\"R\u00edo Negro\">R\u00edo Negro<\/option><option value=\"Salta\">Salta<\/option><option value=\"San Juan\">San Juan<\/option><option value=\"San Luis\">San Luis<\/option><option value=\"Santa Cruz\">Santa Cruz<\/option><option value=\"Santa Fe\">Santa Fe<\/option><option value=\"Santiago del Estero\">Santiago del Estero<\/option><option value=\"Tierra del Fuego, Ant\u00e1rtida e Islas del Atl\u00e1ntico Sur\">Tierra del Fuego, Ant\u00e1rtida e Islas del Atl\u00e1ntico Sur<\/option><option value=\"Tucum\u00e1n\">Tucum\u00e1n<\/option><\/select><\/span>\n\t\t\t<\/p>\n\t\t<\/div>\n\t\t<div class=\"municipio\">\n\t\t\t<p><label> MUNICIPIO*<br \/>\n<span class=\"wpcf7-form-control-wrap\" data-name=\"municipio\"><input size=\"40\" maxlength=\"400\" class=\"wpcf7-form-control wpcf7-text wpcf7-validates-as-required\" aria-required=\"true\" aria-invalid=\"false\" value=\"\" type=\"text\" name=\"municipio\" \/><\/span> <\/label>\n\t\t\t<\/p>\n\t\t<\/div>\n\t<\/div>\n\t<div class=\"domicilioSolo\">\n\t\t<div class=\"domicilio\">\n\t\t\t<p><label>Domicilio: *<br \/>\n<span class=\"wpcf7-form-control-wrap\" data-name=\"domicilio\"><input size=\"40\" maxlength=\"400\" class=\"wpcf7-form-control wpcf7-text wpcf7-validates-as-required\" aria-required=\"true\" aria-invalid=\"false\" value=\"\" type=\"text\" name=\"domicilio\" \/><\/span> <\/label>\n\t\t\t<\/p>\n\t\t<\/div>\n\t<\/div>\n\t<div class=\"queVasAHacer\">\n\t\t<div class=\"quevas\">\n\t\t\t<p><label>\u00bfQu\u00e9 vas a ser? *<\/label><br \/>\n<span class=\"wpcf7-form-control-wrap\" data-name=\"trabajoenblancoQuevas\"><select class=\"wpcf7-form-control wpcf7-select wpcf7-validates-as-required\" aria-required=\"true\" aria-invalid=\"false\" name=\"trabajoenblancoQuevas\"><option value=\"\">&#8212;Por favor, eleg\u00ed una opci\u00f3n&#8212;<\/option><option value=\"SOCIO CONDUCTOR\">SOCIO CONDUCTOR<\/option><option value=\"UBER EATS\">UBER EATS<\/option><option value=\"VIABANA\">VIABANA<\/option><option value=\"OTRO\">OTRO<\/option><\/select><\/span>\n\t\t\t<\/p>\n\t\t<\/div>\n\t<\/div>\n<\/div>\n<p><input class=\"wpcf7-form-control wpcf7-submit has-spinner\" type=\"submit\" value=\"COMPLETAR INSCRIPCI\u00d3N\" \/>\n<\/p><input type='hidden' class='wpcf7-pum' value='{\"closepopup\":false,\"closedelay\":0,\"openpopup\":false,\"openpopup_id\":0}' \/><div class=\"wpcf7-response-output\" aria-hidden=\"true\"><\/div>\n<\/form>\n<\/div>\n<\/div><\/div><\/div>\t\t\t\t<\/div>\n\t\t\t\t<\/div>\n\t\t\t\t\t<\/div>\n\t\t<\/div>\n\t\t\t\t\t<\/div>\n\t\t<\/section>\n\t\t\t\t<section class=\"elementor-section elementor-top-section elementor-element elementor-element-6d46b9d elementor-section-stretched elementor-section-boxed elementor-section-height-default elementor-section-height-default shadepro-adv-gradient-no shadepro-sticky-no elementor-invisible\" data-id=\"6d46b9d\" data-element_type=\"section\" data-e-type=\"section\" data-settings=\"{&quot;stretch_section&quot;:&quot;section-stretched&quot;,&quot;animation&quot;:&quot;fadeInUp&quot;,&quot;shadepro_sticky&quot;:&quot;no&quot;}\">\n\t\t\t\t\t\t<div class=\"elementor-container elementor-column-gap-default\">\n\t\t\t\t\t<div class=\"elementor-column elementor-col-33 elementor-top-column elementor-element elementor-element-87fde77\" data-id=\"87fde77\" data-element_type=\"column\" data-e-type=\"column\">\n\t\t\t<div class=\"elementor-widget-wrap elementor-element-populated\">\n\t\t\t\t\t\t<div class=\"elementor-element elementor-element-aa21c08 shadepro-sticky-no elementor-widget elementor-widget-ama-logo\" data-id=\"aa21c08\" data-element_type=\"widget\" data-e-type=\"widget\" data-settings=\"{&quot;shadepro_sticky&quot;:&quot;no&quot;}\" data-widget_type=\"ama-logo.default\">\n\t\t\t\t<div class=\"elementor-widget-container\">\n\t\t\t\t\t        <div class=\"ama-site-logo content-align-left\">\n            <a href=\"https:\/\/estudioplus.com\/en\" class=\"ama-site-logo-wrap\">\n                <span class='site-logo'><img decoding=\"async\" src=\"https:\/\/estudioplus.com\/wp-content\/uploads\/2023\/01\/LOGOEP-02.png\" alt=\"Estudio Plus\" class=\"navbar-brand__regular dark-logo\"><\/span>            <\/a>\n\n        <\/div>\n\t\t\t\t<\/div>\n\t\t\t\t<\/div>\n\t\t\t\t\t<\/div>\n\t\t<\/div>\n\t\t\t\t<div class=\"elementor-column elementor-col-33 elementor-top-column elementor-element elementor-element-5b1156e\" data-id=\"5b1156e\" data-element_type=\"column\" data-e-type=\"column\">\n\t\t\t<div class=\"elementor-widget-wrap elementor-element-populated\">\n\t\t\t\t\t\t<div class=\"elementor-element elementor-element-e8d6703 elementor-icon-list--layout-inline elementor-align-center elementor-mobile-align-center elementor-list-item-link-full_width shadepro-sticky-no elementor-widget elementor-widget-icon-list\" data-id=\"e8d6703\" data-element_type=\"widget\" data-e-type=\"widget\" data-settings=\"{&quot;shadepro_sticky&quot;:&quot;no&quot;}\" data-widget_type=\"icon-list.default\">\n\t\t\t\t<div class=\"elementor-widget-container\">\n\t\t\t\t\t\t\t<ul class=\"elementor-icon-list-items elementor-inline-items\">\n\t\t\t\t\t\t\t<li class=\"elementor-icon-list-item elementor-inline-item\">\n\t\t\t\t\t\t\t\t\t\t\t<a href=\"#faqs\">\n\n\t\t\t\t\t\t\t\t\t\t\t<span class=\"elementor-icon-list-text\">FAQs<\/span>\n\t\t\t\t\t\t\t\t\t\t\t<\/a>\n\t\t\t\t\t\t\t\t\t<\/li>\n\t\t\t\t\t\t\t\t<li class=\"elementor-icon-list-item elementor-inline-item\">\n\t\t\t\t\t\t\t\t\t\t\t<a href=\"https:\/\/estudioplus.com\/alta\/\">\n\n\t\t\t\t\t\t\t\t\t\t\t<span class=\"elementor-icon-list-text\">Registro<\/span>\n\t\t\t\t\t\t\t\t\t\t\t<\/a>\n\t\t\t\t\t\t\t\t\t<\/li>\n\t\t\t\t\t\t\t\t<li class=\"elementor-icon-list-item elementor-inline-item\">\n\t\t\t\t\t\t\t\t\t\t\t<a href=\"https:\/\/estudioplus.com\/politica-de-privacidad\/\">\n\n\t\t\t\t\t\t\t\t\t\t\t<span class=\"elementor-icon-list-text\">Pol\u00edtica de privacidad<\/span>\n\t\t\t\t\t\t\t\t\t\t\t<\/a>\n\t\t\t\t\t\t\t\t\t<\/li>\n\t\t\t\t\t\t\t\t<li class=\"elementor-icon-list-item elementor-inline-item\">\n\t\t\t\t\t\t\t\t\t\t\t<a href=\"https:\/\/estudioplus.com\/cierre-de-cuenta\/\">\n\n\t\t\t\t\t\t\t\t\t\t\t<span class=\"elementor-icon-list-text\">Cierre de cuenta<\/span>\n\t\t\t\t\t\t\t\t\t\t\t<\/a>\n\t\t\t\t\t\t\t\t\t<\/li>\n\t\t\t\t\t\t<\/ul>\n\t\t\t\t\t\t<\/div>\n\t\t\t\t<\/div>\n\t\t\t\t\t<\/div>\n\t\t<\/div>\n\t\t\t\t<div class=\"elementor-column elementor-col-33 elementor-top-column elementor-element elementor-element-4efa09f\" data-id=\"4efa09f\" data-element_type=\"column\" data-e-type=\"column\">\n\t\t\t<div class=\"elementor-widget-wrap elementor-element-populated\">\n\t\t\t\t\t\t<div class=\"elementor-element elementor-element-ca3830d shadepro-sticky-no elementor-widget elementor-widget-heading\" data-id=\"ca3830d\" data-element_type=\"widget\" data-e-type=\"widget\" data-settings=\"{&quot;shadepro_sticky&quot;:&quot;no&quot;}\" data-widget_type=\"heading.default\">\n\t\t\t\t<div class=\"elementor-widget-container\">\n\t\t\t\t\t<h2 class=\"elementor-heading-title elementor-size-default\">\u00a9 EstudioPlus Marca Registrada<\/h2>\t\t\t\t<\/div>\n\t\t\t\t<\/div>\n\t\t\t\t\t<\/div>\n\t\t<\/div>\n\t\t\t\t\t<\/div>\n\t\t<\/section>\n\t\t\t\t<section class=\"elementor-section elementor-top-section elementor-element elementor-element-5732428 elementor-section-stretched elementor-section-boxed elementor-section-height-default elementor-section-height-default shadepro-adv-gradient-no shadepro-sticky-no elementor-invisible\" data-id=\"5732428\" data-element_type=\"section\" data-e-type=\"section\" data-settings=\"{&quot;stretch_section&quot;:&quot;section-stretched&quot;,&quot;animation&quot;:&quot;fadeInUp&quot;,&quot;background_background&quot;:&quot;classic&quot;,&quot;shadepro_sticky&quot;:&quot;no&quot;}\">\n\t\t\t\t\t\t<div class=\"elementor-container elementor-column-gap-default\">\n\t\t\t\t\t<div class=\"elementor-column elementor-col-100 elementor-top-column elementor-element elementor-element-b3a3f16\" data-id=\"b3a3f16\" data-element_type=\"column\" data-e-type=\"column\">\n\t\t\t<div class=\"elementor-widget-wrap elementor-element-populated\">\n\t\t\t\t\t\t<div class=\"elementor-element elementor-element-8b464cd shadepro-sticky-no elementor-widget elementor-widget-text-editor\" data-id=\"8b464cd\" data-element_type=\"widget\" data-e-type=\"widget\" data-settings=\"{&quot;shadepro_sticky&quot;:&quot;no&quot;}\" data-widget_type=\"text-editor.default\">\n\t\t\t\t<div class=\"elementor-widget-container\">\n\t\t\t\t\t\t\t\t\t<p style=\"text-align: center;\"><a style=\"color: #fff!important;\" target=\"_blank\" rel=\"noopener\">CC\u00a0 <\/a><span style=\"color: #ffffff;\">2009 &#8211; 2023 Algunos derechos reservados. Powered by <a href=\"https:\/\/blissout.com.ar\/\" target=\"_blank\" rel=\"noopener\"><strong style=\"color: #fff!important;\">Blissout Marketing Digital<\/strong><\/a>. When we share. Everyone wins.<\/span><\/p>\t\t\t\t\t\t\t\t<\/div>\n\t\t\t\t<\/div>\n\t\t\t\t\t<\/div>\n\t\t<\/div>\n\t\t\t\t\t<\/div>\n\t\t<\/section>\n\t\t\t\t<\/div>\n\t\t","protected":false},"excerpt":{"rendered":"<p>Datos B\u00e1sicos NOMBRE\/S* APELLIDO\/S* C\u00d3DIGO DE \u00c1REA* CELULAR* CORREO* *Nos contactaremos con vos en caso de cualquier incoveniente FOTO DNI FRENTE * FOTO DNI ATR\u00c1S * SELFIE * Informaci\u00f3n Fiscal SI NO TEN\u00c9S CLAVE FISCAL, MIR\u00c1 ESTE VIDEO CUIT \/ CUIL: * Inserte su clave fiscal (AFIP): \u00bfTrabajas en blanco en otro lado? * &#8212;Please [&hellip;]<\/p>\n","protected":false},"author":1,"featured_media":0,"parent":0,"menu_order":0,"comment_status":"closed","ping_status":"closed","template":"","meta":{"inline_featured_image":false,"footnotes":""},"class_list":["post-6612","page","type-page","status-publish","hentry"],"acf":[],"_links":{"self":[{"href":"https:\/\/estudioplus.com\/en\/wp-json\/wp\/v2\/pages\/6612","targetHints":{"allow":["GET"]}}],"collection":[{"href":"https:\/\/estudioplus.com\/en\/wp-json\/wp\/v2\/pages"}],"about":[{"href":"https:\/\/estudioplus.com\/en\/wp-json\/wp\/v2\/types\/page"}],"author":[{"embeddable":true,"href":"https:\/\/estudioplus.com\/en\/wp-json\/wp\/v2\/users\/1"}],"replies":[{"embeddable":true,"href":"https:\/\/estudioplus.com\/en\/wp-json\/wp\/v2\/comments?post=6612"}],"version-history":[{"count":43,"href":"https:\/\/estudioplus.com\/en\/wp-json\/wp\/v2\/pages\/6612\/revisions"}],"predecessor-version":[{"id":6858,"href":"https:\/\/estudioplus.com\/en\/wp-json\/wp\/v2\/pages\/6612\/revisions\/6858"}],"wp:attachment":[{"href":"https:\/\/estudioplus.com\/en\/wp-json\/wp\/v2\/media?parent=6612"}],"curies":[{"name":"wp","href":"https:\/\/api.w.org\/{rel}","templated":true}]}}