{"id":6835,"date":"2023-09-11T18:30:25","date_gmt":"2023-09-11T18:30:25","guid":{"rendered":"https:\/\/estudioplus.com\/?page_id=6835"},"modified":"2023-09-11T18:39:28","modified_gmt":"2023-09-11T18:39:28","slug":"cierre-de-cuenta","status":"publish","type":"page","link":"https:\/\/estudioplus.com\/en\/cierre-de-cuenta\/","title":{"rendered":"Cierre de cuenta"},"content":{"rendered":"<div data-elementor-type=\"wp-page\" data-elementor-id=\"6835\" class=\"elementor elementor-6835\">\n\t\t\t\t\t\t<section class=\"elementor-section elementor-top-section elementor-element elementor-element-98ea82b elementor-section-height-full elementor-section-boxed elementor-section-height-default elementor-section-items-middle shadepro-adv-gradient-no shadepro-sticky-no\" data-id=\"98ea82b\" data-element_type=\"section\" data-e-type=\"section\" data-settings=\"{&quot;shadepro_sticky&quot;:&quot;no&quot;}\">\n\t\t\t\t\t\t<div class=\"elementor-container elementor-column-gap-default\">\n\t\t\t\t\t<div class=\"elementor-column elementor-col-100 elementor-top-column elementor-element elementor-element-aea0d48\" data-id=\"aea0d48\" data-element_type=\"column\" data-e-type=\"column\">\n\t\t\t<div class=\"elementor-widget-wrap elementor-element-populated\">\n\t\t\t\t\t\t<div class=\"elementor-element elementor-element-d9daa0f shadepro-sticky-no elementor-widget elementor-widget-heading\" data-id=\"d9daa0f\" data-element_type=\"widget\" data-e-type=\"widget\" data-settings=\"{&quot;shadepro_sticky&quot;:&quot;no&quot;}\" data-widget_type=\"heading.default\">\n\t\t\t\t<div class=\"elementor-widget-container\">\n\t\t\t\t\t<h2 class=\"elementor-heading-title elementor-size-default\">CIERRE DE CUENTA<\/h2>\t\t\t\t<\/div>\n\t\t\t\t<\/div>\n\t\t\t\t<div class=\"elementor-element elementor-element-9d36d68 shadepro-sticky-no elementor-widget elementor-widget-text-editor\" data-id=\"9d36d68\" data-element_type=\"widget\" data-e-type=\"widget\" data-settings=\"{&quot;shadepro_sticky&quot;:&quot;no&quot;}\" data-widget_type=\"text-editor.default\">\n\t\t\t\t<div class=\"elementor-widget-container\">\n\t\t\t\t\t\t\t\t\t<div>Si decides dejar de utilizar ESTUDIO PLUS, puedes pedir que cerremos tu cuenta y eliminemos los datos correspondiente\u00a0enviando un mail a\u00a0<b><a href=\"mailto:hola@estudioplus.com\" target=\"_blank\" rel=\"noopener\">hola@estudioplus.com<\/a><\/b>\u00a0\u00a1Adem\u00e1s, eliminaremos la mayor parte de la informaci\u00f3n que recopilamos sobre ti cuando hayas estado inactivo por un tiempo!<\/div><div>Ten en cuenta que, aunque nuestros sistemas est\u00e1n dise\u00f1ados para ejecutar nuestras pr\u00e1cticas de eliminaci\u00f3n de manera autom\u00e1tica, no podemos garantizar que dicha eliminaci\u00f3n ocurra dentro de un tiempo determinado.<\/div>\t\t\t\t\t\t\t\t<\/div>\n\t\t\t\t<\/div>\n\t\t\t\t\t<\/div>\n\t\t<\/div>\n\t\t\t\t\t<\/div>\n\t\t<\/section>\n\t\t\t\t<section class=\"elementor-section elementor-top-section elementor-element elementor-element-62ad284 elementor-section-stretched elementor-section-boxed elementor-section-height-default elementor-section-height-default shadepro-adv-gradient-no shadepro-sticky-no elementor-invisible\" data-id=\"62ad284\" data-element_type=\"section\" data-e-type=\"section\" data-settings=\"{&quot;stretch_section&quot;:&quot;section-stretched&quot;,&quot;animation&quot;:&quot;fadeInUp&quot;,&quot;shadepro_sticky&quot;:&quot;no&quot;}\">\n\t\t\t\t\t\t<div class=\"elementor-container elementor-column-gap-default\">\n\t\t\t\t\t<div class=\"elementor-column elementor-col-33 elementor-top-column elementor-element elementor-element-5f33ee4\" data-id=\"5f33ee4\" data-element_type=\"column\" data-e-type=\"column\">\n\t\t\t<div class=\"elementor-widget-wrap elementor-element-populated\">\n\t\t\t\t\t\t<div class=\"elementor-element elementor-element-571850d shadepro-sticky-no elementor-widget elementor-widget-ama-logo\" data-id=\"571850d\" data-element_type=\"widget\" data-e-type=\"widget\" data-settings=\"{&quot;shadepro_sticky&quot;:&quot;no&quot;}\" data-widget_type=\"ama-logo.default\">\n\t\t\t\t<div class=\"elementor-widget-container\">\n\t\t\t\t\t        <div class=\"ama-site-logo content-align-left\">\n            <a href=\"https:\/\/estudioplus.com\/en\" class=\"ama-site-logo-wrap\">\n                <span class='site-logo'><img decoding=\"async\" src=\"https:\/\/estudioplus.com\/wp-content\/uploads\/2023\/01\/LOGOEP-02.png\" alt=\"Estudio Plus\" class=\"navbar-brand__regular dark-logo\"><\/span>            <\/a>\n\n        <\/div>\n\t\t\t\t<\/div>\n\t\t\t\t<\/div>\n\t\t\t\t\t<\/div>\n\t\t<\/div>\n\t\t\t\t<div class=\"elementor-column elementor-col-33 elementor-top-column elementor-element elementor-element-9d9ae72\" data-id=\"9d9ae72\" data-element_type=\"column\" data-e-type=\"column\">\n\t\t\t<div class=\"elementor-widget-wrap elementor-element-populated\">\n\t\t\t\t\t\t<div class=\"elementor-element elementor-element-2409fdd elementor-icon-list--layout-inline elementor-align-center elementor-mobile-align-center elementor-list-item-link-full_width shadepro-sticky-no elementor-widget elementor-widget-icon-list\" data-id=\"2409fdd\" data-element_type=\"widget\" data-e-type=\"widget\" data-settings=\"{&quot;shadepro_sticky&quot;:&quot;no&quot;}\" data-widget_type=\"icon-list.default\">\n\t\t\t\t<div class=\"elementor-widget-container\">\n\t\t\t\t\t\t\t<ul class=\"elementor-icon-list-items elementor-inline-items\">\n\t\t\t\t\t\t\t<li class=\"elementor-icon-list-item elementor-inline-item\">\n\t\t\t\t\t\t\t\t\t\t\t<a href=\"#faqs\">\n\n\t\t\t\t\t\t\t\t\t\t\t<span class=\"elementor-icon-list-text\">FAQs<\/span>\n\t\t\t\t\t\t\t\t\t\t\t<\/a>\n\t\t\t\t\t\t\t\t\t<\/li>\n\t\t\t\t\t\t\t\t<li class=\"elementor-icon-list-item elementor-inline-item\">\n\t\t\t\t\t\t\t\t\t\t\t<a href=\"https:\/\/estudioplus.com\/en\/alta\/\">\n\n\t\t\t\t\t\t\t\t\t\t\t<span class=\"elementor-icon-list-text\">Register<\/span>\n\t\t\t\t\t\t\t\t\t\t\t<\/a>\n\t\t\t\t\t\t\t\t\t<\/li>\n\t\t\t\t\t\t\t\t<li class=\"elementor-icon-list-item elementor-inline-item\">\n\t\t\t\t\t\t\t\t\t\t\t<a href=\"https:\/\/estudioplus.com\/en\/politica-de-privacidad\/\">\n\n\t\t\t\t\t\t\t\t\t\t\t<span class=\"elementor-icon-list-text\">Pol\u00edtica de privacidad<\/span>\n\t\t\t\t\t\t\t\t\t\t\t<\/a>\n\t\t\t\t\t\t\t\t\t<\/li>\n\t\t\t\t\t\t\t\t<li class=\"elementor-icon-list-item elementor-inline-item\">\n\t\t\t\t\t\t\t\t\t\t\t<a href=\"https:\/\/estudioplus.com\/en\/cierre-de-cuenta\/\">\n\n\t\t\t\t\t\t\t\t\t\t\t<span class=\"elementor-icon-list-text\">Cierre de cuenta<\/span>\n\t\t\t\t\t\t\t\t\t\t\t<\/a>\n\t\t\t\t\t\t\t\t\t<\/li>\n\t\t\t\t\t\t<\/ul>\n\t\t\t\t\t\t<\/div>\n\t\t\t\t<\/div>\n\t\t\t\t\t<\/div>\n\t\t<\/div>\n\t\t\t\t<div class=\"elementor-column elementor-col-33 elementor-top-column elementor-element elementor-element-dafbc6c\" data-id=\"dafbc6c\" data-element_type=\"column\" data-e-type=\"column\">\n\t\t\t<div class=\"elementor-widget-wrap elementor-element-populated\">\n\t\t\t\t\t\t<div class=\"elementor-element elementor-element-e97b462 shadepro-sticky-no elementor-widget elementor-widget-heading\" data-id=\"e97b462\" data-element_type=\"widget\" data-e-type=\"widget\" data-settings=\"{&quot;shadepro_sticky&quot;:&quot;no&quot;}\" data-widget_type=\"heading.default\">\n\t\t\t\t<div class=\"elementor-widget-container\">\n\t\t\t\t\t<h2 class=\"elementor-heading-title elementor-size-default\">\u00a9 EstudioPlus Marca Registrada<\/h2>\t\t\t\t<\/div>\n\t\t\t\t<\/div>\n\t\t\t\t\t<\/div>\n\t\t<\/div>\n\t\t\t\t\t<\/div>\n\t\t<\/section>\n\t\t\t\t<section class=\"elementor-section elementor-top-section elementor-element elementor-element-7075466 elementor-section-stretched elementor-section-boxed elementor-section-height-default elementor-section-height-default shadepro-adv-gradient-no shadepro-sticky-no elementor-invisible\" data-id=\"7075466\" data-element_type=\"section\" data-e-type=\"section\" data-settings=\"{&quot;stretch_section&quot;:&quot;section-stretched&quot;,&quot;animation&quot;:&quot;fadeInUp&quot;,&quot;background_background&quot;:&quot;classic&quot;,&quot;shadepro_sticky&quot;:&quot;no&quot;}\">\n\t\t\t\t\t\t<div class=\"elementor-container elementor-column-gap-default\">\n\t\t\t\t\t<div class=\"elementor-column elementor-col-100 elementor-top-column elementor-element elementor-element-430c4fb\" data-id=\"430c4fb\" data-element_type=\"column\" data-e-type=\"column\">\n\t\t\t<div class=\"elementor-widget-wrap elementor-element-populated\">\n\t\t\t\t\t\t<div class=\"elementor-element elementor-element-72fb2a8 shadepro-sticky-no elementor-widget elementor-widget-text-editor\" data-id=\"72fb2a8\" data-element_type=\"widget\" data-e-type=\"widget\" data-settings=\"{&quot;shadepro_sticky&quot;:&quot;no&quot;}\" data-widget_type=\"text-editor.default\">\n\t\t\t\t<div class=\"elementor-widget-container\">\n\t\t\t\t\t\t\t\t\t<p style=\"text-align: center;\"><a style=\"color: #fff!important;\" target=\"_blank\" rel=\"noopener\">CC\u00a0 <\/a><span style=\"color: #ffffff;\">2009 &#8211; 2023 Algunos derechos reservados. Powered by <a href=\"https:\/\/blissout.com.ar\/\" target=\"_blank\" rel=\"noopener\"><strong style=\"color: #fff!important;\">Blissout Marketing Digital<\/strong><\/a>. When we share. Everyone wins.<\/span><\/p>\t\t\t\t\t\t\t\t<\/div>\n\t\t\t\t<\/div>\n\t\t\t\t\t<\/div>\n\t\t<\/div>\n\t\t\t\t\t<\/div>\n\t\t<\/section>\n\t\t\t\t<\/div>","protected":false},"excerpt":{"rendered":"<p>CIERRE DE CUENTA Si decides dejar de utilizar ESTUDIO PLUS, puedes pedir que cerremos tu cuenta y eliminemos los datos correspondiente\u00a0enviando un mail a\u00a0hola@estudioplus.com\u00a0\u00a1Adem\u00e1s, eliminaremos la mayor parte de la informaci\u00f3n que recopilamos sobre ti cuando hayas estado inactivo por un tiempo!Ten en cuenta que, aunque nuestros sistemas est\u00e1n dise\u00f1ados para ejecutar nuestras pr\u00e1cticas de [&hellip;]<\/p>\n","protected":false},"author":1,"featured_media":0,"parent":0,"menu_order":0,"comment_status":"closed","ping_status":"closed","template":"","meta":{"inline_featured_image":false,"footnotes":""},"class_list":["post-6835","page","type-page","status-publish","hentry"],"acf":[],"_links":{"self":[{"href":"https:\/\/estudioplus.com\/en\/wp-json\/wp\/v2\/pages\/6835","targetHints":{"allow":["GET"]}}],"collection":[{"href":"https:\/\/estudioplus.com\/en\/wp-json\/wp\/v2\/pages"}],"about":[{"href":"https:\/\/estudioplus.com\/en\/wp-json\/wp\/v2\/types\/page"}],"author":[{"embeddable":true,"href":"https:\/\/estudioplus.com\/en\/wp-json\/wp\/v2\/users\/1"}],"replies":[{"embeddable":true,"href":"https:\/\/estudioplus.com\/en\/wp-json\/wp\/v2\/comments?post=6835"}],"version-history":[{"count":16,"href":"https:\/\/estudioplus.com\/en\/wp-json\/wp\/v2\/pages\/6835\/revisions"}],"predecessor-version":[{"id":6864,"href":"https:\/\/estudioplus.com\/en\/wp-json\/wp\/v2\/pages\/6835\/revisions\/6864"}],"wp:attachment":[{"href":"https:\/\/estudioplus.com\/en\/wp-json\/wp\/v2\/media?parent=6835"}],"curies":[{"name":"wp","href":"https:\/\/api.w.org\/{rel}","templated":true}]}}